{"id":2992,"date":"2025-04-08T15:03:20","date_gmt":"2025-04-08T14:03:20","guid":{"rendered":"https:\/\/4carbuy.com\/?post_type=product&#038;p=2992"},"modified":"2025-10-22T15:12:35","modified_gmt":"2025-10-22T14:12:35","slug":"2005-aston-martin-db9","status":"publish","type":"product","link":"https:\/\/4carbuy.com\/?product=2005-aston-martin-db9","title":{"rendered":"2005 Aston Martin DB9"},"content":{"rendered":"<p><img fetchpriority=\"high\" decoding=\"async\" class=\"alignnone size-medium wp-image-2993\" src=\"http:\/\/4carbuy.com\/wp-content\/uploads\/2025\/10\/68b807e0ccb71360473336-300x225.jpg\" alt=\"\" width=\"300\" height=\"225\" srcset=\"https:\/\/4carbuy.com\/wp-content\/uploads\/2025\/10\/68b807e0ccb71360473336-300x225.jpg 300w, https:\/\/4carbuy.com\/wp-content\/uploads\/2025\/10\/68b807e0ccb71360473336-1024x768.jpg 1024w, https:\/\/4carbuy.com\/wp-content\/uploads\/2025\/10\/68b807e0ccb71360473336-768x576.jpg 768w, https:\/\/4carbuy.com\/wp-content\/uploads\/2025\/10\/68b807e0ccb71360473336-600x450.jpg 600w, https:\/\/4carbuy.com\/wp-content\/uploads\/2025\/10\/68b807e0ccb71360473336.jpg 1280w\" sizes=\"(max-width: 300px) 100vw, 300px\" \/> <img decoding=\"async\" class=\"alignnone size-medium wp-image-2994\" src=\"http:\/\/4carbuy.com\/wp-content\/uploads\/2025\/10\/68b807e0ccf10812211051-300x225.jpg\" alt=\"\" width=\"300\" height=\"225\" srcset=\"https:\/\/4carbuy.com\/wp-content\/uploads\/2025\/10\/68b807e0ccf10812211051-300x225.jpg 300w, https:\/\/4carbuy.com\/wp-content\/uploads\/2025\/10\/68b807e0ccf10812211051-1024x768.jpg 1024w, https:\/\/4carbuy.com\/wp-content\/uploads\/2025\/10\/68b807e0ccf10812211051-768x576.jpg 768w, https:\/\/4carbuy.com\/wp-content\/uploads\/2025\/10\/68b807e0ccf10812211051-600x450.jpg 600w, https:\/\/4carbuy.com\/wp-content\/uploads\/2025\/10\/68b807e0ccf10812211051.jpg 1280w\" sizes=\"(max-width: 300px) 100vw, 300px\" \/> <img decoding=\"async\" class=\"alignnone size-medium wp-image-2995\" src=\"http:\/\/4carbuy.com\/wp-content\/uploads\/2025\/10\/68b807e0cd2be483422326-300x225.jpg\" alt=\"\" width=\"300\" height=\"225\" srcset=\"https:\/\/4carbuy.com\/wp-content\/uploads\/2025\/10\/68b807e0cd2be483422326-300x225.jpg 300w, https:\/\/4carbuy.com\/wp-content\/uploads\/2025\/10\/68b807e0cd2be483422326-1024x768.jpg 1024w, https:\/\/4carbuy.com\/wp-content\/uploads\/2025\/10\/68b807e0cd2be483422326-768x576.jpg 768w, https:\/\/4carbuy.com\/wp-content\/uploads\/2025\/10\/68b807e0cd2be483422326-600x450.jpg 600w, https:\/\/4carbuy.com\/wp-content\/uploads\/2025\/10\/68b807e0cd2be483422326.jpg 1280w\" sizes=\"(max-width: 300px) 100vw, 300px\" \/> <img loading=\"lazy\" decoding=\"async\" class=\"alignnone size-medium wp-image-2996\" src=\"http:\/\/4carbuy.com\/wp-content\/uploads\/2025\/10\/68b807e0cd9d6076282957-300x225.jpg\" alt=\"\" width=\"300\" height=\"225\" srcset=\"https:\/\/4carbuy.com\/wp-content\/uploads\/2025\/10\/68b807e0cd9d6076282957-300x225.jpg 300w, https:\/\/4carbuy.com\/wp-content\/uploads\/2025\/10\/68b807e0cd9d6076282957-1024x768.jpg 1024w, https:\/\/4carbuy.com\/wp-content\/uploads\/2025\/10\/68b807e0cd9d6076282957-768x576.jpg 768w, https:\/\/4carbuy.com\/wp-content\/uploads\/2025\/10\/68b807e0cd9d6076282957-600x450.jpg 600w, https:\/\/4carbuy.com\/wp-content\/uploads\/2025\/10\/68b807e0cd9d6076282957.jpg 1280w\" sizes=\"(max-width: 300px) 100vw, 300px\" \/> <img loading=\"lazy\" decoding=\"async\" class=\"alignnone size-medium wp-image-2997\" src=\"http:\/\/4carbuy.com\/wp-content\/uploads\/2025\/10\/68b807e0cd66e592446783-300x225.jpg\" alt=\"\" width=\"300\" height=\"225\" srcset=\"https:\/\/4carbuy.com\/wp-content\/uploads\/2025\/10\/68b807e0cd66e592446783-300x225.jpg 300w, https:\/\/4carbuy.com\/wp-content\/uploads\/2025\/10\/68b807e0cd66e592446783-1024x768.jpg 1024w, https:\/\/4carbuy.com\/wp-content\/uploads\/2025\/10\/68b807e0cd66e592446783-768x576.jpg 768w, https:\/\/4carbuy.com\/wp-content\/uploads\/2025\/10\/68b807e0cd66e592446783-600x450.jpg 600w, https:\/\/4carbuy.com\/wp-content\/uploads\/2025\/10\/68b807e0cd66e592446783.jpg 1280w\" sizes=\"(max-width: 300px) 100vw, 300px\" \/> <img loading=\"lazy\" decoding=\"async\" class=\"alignnone size-medium wp-image-2998\" src=\"http:\/\/4carbuy.com\/wp-content\/uploads\/2025\/10\/IMG-20250426-WA0012-300x225.jpg\" alt=\"\" width=\"300\" height=\"225\" srcset=\"https:\/\/4carbuy.com\/wp-content\/uploads\/2025\/10\/IMG-20250426-WA0012-300x225.jpg 300w, https:\/\/4carbuy.com\/wp-content\/uploads\/2025\/10\/IMG-20250426-WA0012-1024x768.jpg 1024w, https:\/\/4carbuy.com\/wp-content\/uploads\/2025\/10\/IMG-20250426-WA0012-768x576.jpg 768w, https:\/\/4carbuy.com\/wp-content\/uploads\/2025\/10\/IMG-20250426-WA0012-600x450.jpg 600w, https:\/\/4carbuy.com\/wp-content\/uploads\/2025\/10\/IMG-20250426-WA0012.jpg 1280w\" sizes=\"(max-width: 300px) 100vw, 300px\" \/> <img loading=\"lazy\" decoding=\"async\" class=\"alignnone size-medium wp-image-2999\" src=\"http:\/\/4carbuy.com\/wp-content\/uploads\/2025\/10\/IMG-20250426-WA0013-300x225.jpg\" alt=\"\" width=\"300\" height=\"225\" srcset=\"https:\/\/4carbuy.com\/wp-content\/uploads\/2025\/10\/IMG-20250426-WA0013-300x225.jpg 300w, https:\/\/4carbuy.com\/wp-content\/uploads\/2025\/10\/IMG-20250426-WA0013-1024x768.jpg 1024w, https:\/\/4carbuy.com\/wp-content\/uploads\/2025\/10\/IMG-20250426-WA0013-768x576.jpg 768w, https:\/\/4carbuy.com\/wp-content\/uploads\/2025\/10\/IMG-20250426-WA0013-600x450.jpg 600w, https:\/\/4carbuy.com\/wp-content\/uploads\/2025\/10\/IMG-20250426-WA0013.jpg 1280w\" sizes=\"(max-width: 300px) 100vw, 300px\" \/> <img loading=\"lazy\" decoding=\"async\" class=\"alignnone size-medium wp-image-3000\" src=\"http:\/\/4carbuy.com\/wp-content\/uploads\/2025\/10\/IMG-20250426-WA0014-300x225.jpg\" alt=\"\" width=\"300\" height=\"225\" srcset=\"https:\/\/4carbuy.com\/wp-content\/uploads\/2025\/10\/IMG-20250426-WA0014-300x225.jpg 300w, https:\/\/4carbuy.com\/wp-content\/uploads\/2025\/10\/IMG-20250426-WA0014-1024x768.jpg 1024w, https:\/\/4carbuy.com\/wp-content\/uploads\/2025\/10\/IMG-20250426-WA0014-768x576.jpg 768w, https:\/\/4carbuy.com\/wp-content\/uploads\/2025\/10\/IMG-20250426-WA0014-600x450.jpg 600w, https:\/\/4carbuy.com\/wp-content\/uploads\/2025\/10\/IMG-20250426-WA0014.jpg 1280w\" sizes=\"(max-width: 300px) 100vw, 300px\" \/> <img loading=\"lazy\" decoding=\"async\" class=\"alignnone size-medium wp-image-3001\" src=\"http:\/\/4carbuy.com\/wp-content\/uploads\/2025\/10\/IMG-20250426-WA0015-300x225.jpg\" alt=\"\" width=\"300\" height=\"225\" srcset=\"https:\/\/4carbuy.com\/wp-content\/uploads\/2025\/10\/IMG-20250426-WA0015-300x225.jpg 300w, https:\/\/4carbuy.com\/wp-content\/uploads\/2025\/10\/IMG-20250426-WA0015-1024x768.jpg 1024w, https:\/\/4carbuy.com\/wp-content\/uploads\/2025\/10\/IMG-20250426-WA0015-768x576.jpg 768w, https:\/\/4carbuy.com\/wp-content\/uploads\/2025\/10\/IMG-20250426-WA0015-600x450.jpg 600w, https:\/\/4carbuy.com\/wp-content\/uploads\/2025\/10\/IMG-20250426-WA0015.jpg 1280w\" sizes=\"(max-width: 300px) 100vw, 300px\" \/> <img loading=\"lazy\" decoding=\"async\" class=\"alignnone size-medium wp-image-3002\" src=\"http:\/\/4carbuy.com\/wp-content\/uploads\/2025\/10\/IMG-20250426-WA0016-300x225.jpg\" alt=\"\" width=\"300\" height=\"225\" srcset=\"https:\/\/4carbuy.com\/wp-content\/uploads\/2025\/10\/IMG-20250426-WA0016-300x225.jpg 300w, https:\/\/4carbuy.com\/wp-content\/uploads\/2025\/10\/IMG-20250426-WA0016-1024x768.jpg 1024w, https:\/\/4carbuy.com\/wp-content\/uploads\/2025\/10\/IMG-20250426-WA0016-768x576.jpg 768w, https:\/\/4carbuy.com\/wp-content\/uploads\/2025\/10\/IMG-20250426-WA0016-600x450.jpg 600w, https:\/\/4carbuy.com\/wp-content\/uploads\/2025\/10\/IMG-20250426-WA0016.jpg 1280w\" sizes=\"(max-width: 300px) 100vw, 300px\" \/> <img loading=\"lazy\" decoding=\"async\" class=\"alignnone size-medium wp-image-3003\" src=\"http:\/\/4carbuy.com\/wp-content\/uploads\/2025\/10\/IMG-20250426-WA0017-300x225.jpg\" alt=\"\" width=\"300\" height=\"225\" srcset=\"https:\/\/4carbuy.com\/wp-content\/uploads\/2025\/10\/IMG-20250426-WA0017-300x225.jpg 300w, https:\/\/4carbuy.com\/wp-content\/uploads\/2025\/10\/IMG-20250426-WA0017-1024x768.jpg 1024w, https:\/\/4carbuy.com\/wp-content\/uploads\/2025\/10\/IMG-20250426-WA0017-768x576.jpg 768w, https:\/\/4carbuy.com\/wp-content\/uploads\/2025\/10\/IMG-20250426-WA0017-600x450.jpg 600w, https:\/\/4carbuy.com\/wp-content\/uploads\/2025\/10\/IMG-20250426-WA0017.jpg 1280w\" sizes=\"(max-width: 300px) 100vw, 300px\" \/><\/p>\n","protected":false},"excerpt":{"rendered":"<div>\n<h2 class=\"title_lot\">2005 Aston Martin DB9<\/h2>\n<\/div>\n<div><\/div>\n<div class=\"option\">VIN <span class=\"right-info\"><span class=\"copy-vin\"><span class=\"vin-drop\">SCFAD01A55GA01163<\/span>\u00a0<i class=\"fa fa-clipboard\" aria-hidden=\"true\"><\/i><\/span><\/span><\/div>\n<div class=\"option sale_doc\">Dokument: SALVAGE<\/div>\n<div>\n<div class=\"option\">G\u0142owne uszk: <span class=\"right-info tips-question\" title=\"\" data-toggle=\"tooltip\" data-placement=\"bottom\" data-original-title=\"Opisane uszkodzenia zosta\u0142y odnotowane przez pracownika domu aukcyjnego. Informacje te maj\u0105 charakter orientacyjny.\">Prz\u00f3d<\/span><\/div>\n<div class=\"option\">Pozosta\u0142e uszk: <span class=\"right-info tips-question\" title=\"\" data-toggle=\"tooltip\" data-placement=\"bottom\" data-original-title=\"Opisane uszkodzenia zosta\u0142y odnotowane przez pracownika domu aukcyjnego. Informacje te maj\u0105 charakter orientacyjny.\">Wgniecenia \/ zarysowania<\/span><\/div>\n<div class=\"option\">Przebieg: <span class=\"right-info tips-question\" title=\"\" data-toggle=\"tooltip\" data-placement=\"bottom\" data-original-title=\"Wskazany przebieg zosta\u0142 odnotowany przez pracownika domu aukcyjnego. Zalecamy jego weryfikacj\u0119 na zdj\u0119ciu licznika oraz w raporcie dost\u0119pnym na naszej stronie internetowej.\">44 924 mi (72 298 km)<\/span><\/div>\n<div class=\"option start_code\" data-start-code=\"Run \/ Drive\">Status: <span class=\"right-info tips-question\" title=\"\" data-toggle=\"tooltip\" data-placement=\"bottom\" data-original-title=\"Pojazd zosta\u0142 oznaczony przez pracownika domu aukcyjnego jako Run and Drive, co oznacza, \u017ce w momencie inspekcji pojazd uruchomi\u0142 si\u0119 i mo\u017cliwe by\u0142o w\u0142\u0105czenie biegu.\">Odpala i rusza<\/span><\/div>\n<div class=\"option\">Kluczyk: <span class=\"right-info tips-question\" title=\"\" data-toggle=\"tooltip\" data-placement=\"bottom\" data-original-title=\"Kluczyk zosta\u0142 odnotowany przez pracownika domu aukcyjnego jako obecny. W przypadku stwierdzenia jego braku podczas odbioru pojazdu z domu aukcyjnego, pojazd zostanie odebrany bez klucza.\">Do\u0142\u0105czono<img loading=\"lazy\" decoding=\"async\" src=\"https:\/\/bid.cars\/img\/upd\/icons\/key.svg\" alt=\"Kluczyk obecny\" width=\"24\" height=\"24\" \/><\/span><\/div>\n<div class=\"option\">ACV \/ ERC<span class=\"right-info tips-question\" title=\"\" data-toggle=\"tooltip\" data-placement=\"bottom\" data-original-title=\"Actual Cash Value (ACV) \/ Estimated Repair Cost (ERC)\">$50,000 USD \/ $0 USD<\/span><\/div>\n<div>\n<div class=\"option no-wrap-text-ellipsis\">Kolor karoserii: <span class=\"right-info\">Czarny<\/span><\/div>\n<div class=\"option no-wrap-text-ellipsis\">Silnik: <span class=\"right-info\">5.9L, 12 cyl.<\/span><\/div>\n<div class=\"option no-wrap-text-ellipsis\">Skrzynia bieg\u00f3w: <span class=\"right-info\">Automatyczna<img loading=\"lazy\" decoding=\"async\" src=\"https:\/\/bid.cars\/img\/upd\/icons\/automatics.svg\" alt=\"Automatyczna\" width=\"24\" height=\"24\" \/><\/span><\/div>\n<div class=\"option no-wrap-text-ellipsis\">Typ paliwa: <span class=\"right-info\">Benzyna<img loading=\"lazy\" decoding=\"async\" src=\"https:\/\/bid.cars\/img\/upd\/icons\/patrol.svg\" alt=\"Benzyna\" width=\"24\" height=\"24\" \/><\/span><\/div>\n<div class=\"option no-wrap-text-ellipsis\">Typ nap\u0119du: <span class=\"right-info drive_type_icons\">Nap\u0119d na tylne ko\u0142a |<img loading=\"lazy\" decoding=\"async\" src=\"https:\/\/bid.cars\/img\/upd\/icons\/rwd.svg\" alt=\"Nap\u0119d na tylne ko\u0142a\" width=\"24\" height=\"24\" \/><\/span><\/div>\n<div class=\"more-specs\">\n<div class=\"option no-wrap-text-ellipsis\"><\/div>\n<\/div>\n<\/div>\n<\/div>\n","protected":false},"featured_media":2993,"template":"","meta":{"_kadence_starter_templates_imported_post":false,"_kad_post_transparent":"default","_kad_post_title":"","_kad_post_layout":"default","_kad_post_sidebar_id":"","_kad_post_content_style":"default","_kad_post_vertical_padding":"default","_kad_post_feature":"","_kad_post_feature_position":"","_kad_post_header":false,"_kad_post_footer":false},"product_cat":[15],"product_tag":[],"class_list":{"0":"post-2992","1":"product","2":"type-product","3":"status-publish","4":"has-post-thumbnail","6":"product_cat-used-cars","8":"first","9":"outofstock","10":"sale","11":"sold-individually","12":"shipping-taxable","13":"purchasable","14":"product-type-simple","15":"entry","16":"content-bg","17":"loop-entry"},"_links":{"self":[{"href":"https:\/\/4carbuy.com\/index.php?rest_route=\/wp\/v2\/product\/2992"}],"collection":[{"href":"https:\/\/4carbuy.com\/index.php?rest_route=\/wp\/v2\/product"}],"about":[{"href":"https:\/\/4carbuy.com\/index.php?rest_route=\/wp\/v2\/types\/product"}],"wp:featuredmedia":[{"embeddable":true,"href":"https:\/\/4carbuy.com\/index.php?rest_route=\/wp\/v2\/media\/2993"}],"wp:attachment":[{"href":"https:\/\/4carbuy.com\/index.php?rest_route=%2Fwp%2Fv2%2Fmedia&parent=2992"}],"wp:term":[{"taxonomy":"product_cat","embeddable":true,"href":"https:\/\/4carbuy.com\/index.php?rest_route=%2Fwp%2Fv2%2Fproduct_cat&post=2992"},{"taxonomy":"product_tag","embeddable":true,"href":"https:\/\/4carbuy.com\/index.php?rest_route=%2Fwp%2Fv2%2Fproduct_tag&post=2992"}],"curies":[{"name":"wp","href":"https:\/\/api.w.org\/{rel}","templated":true}]}}